{"id":24,"date":"2025-01-24T17:41:18","date_gmt":"2025-01-24T17:41:18","guid":{"rendered":"https:\/\/www.arreglosderopagranada.es\/?page_id=24"},"modified":"2025-08-14T22:58:49","modified_gmt":"2025-08-14T22:58:49","slug":"nosotros","status":"publish","type":"page","link":"https:\/\/www.arreglosderopagranada.es\/en\/nosotros\/","title":{"rendered":"Us"},"content":{"rendered":"<div data-elementor-type=\"wp-page\" data-elementor-id=\"24\" class=\"elementor elementor-24\" data-elementor-post-type=\"page\">\n\t\t\t\t\t\t<section class=\"elementor-section elementor-top-section elementor-element elementor-element-11797d88 elementor-section-full_width elementor-section-height-default elementor-section-height-default\" data-id=\"11797d88\" data-element_type=\"section\" data-e-type=\"section\" data-settings=\"{&quot;background_background&quot;:&quot;classic&quot;}\">\n\t\t\t\t\t\t<div class=\"elementor-container elementor-column-gap-default\">\n\t\t\t\t\t<div class=\"elementor-column elementor-col-100 elementor-top-column elementor-element elementor-element-59cab43a\" data-id=\"59cab43a\" data-element_type=\"column\" data-e-type=\"column\">\n\t\t\t<div class=\"elementor-widget-wrap elementor-element-populated\">\n\t\t\t\t\t\t<div class=\"elementor-element elementor-element-c7eae69 elementor-widget elementor-widget-image\" data-id=\"c7eae69\" data-element_type=\"widget\" data-e-type=\"widget\" data-widget_type=\"image.default\">\n\t\t\t\t<div class=\"elementor-widget-container\">\n\t\t\t\t\t\t\t\t\t\t\t\t\t\t\t<img fetchpriority=\"high\" decoding=\"async\" width=\"2065\" height=\"272\" src=\"https:\/\/www.arreglosderopagranada.es\/wp-content\/uploads\/2025\/02\/Imagen4-1.png\" class=\"attachment-full size-full wp-image-680\" alt=\"Cocer y Cantar | Arreglos de ropa | confecci\u00f3n de ropa de hogar | Bordados y personalizaci\u00f3n de ropa\" srcset=\"https:\/\/www.arreglosderopagranada.es\/wp-content\/uploads\/2025\/02\/Imagen4-1.png 2065w, https:\/\/www.arreglosderopagranada.es\/wp-content\/uploads\/2025\/02\/Imagen4-1-300x40.png 300w, https:\/\/www.arreglosderopagranada.es\/wp-content\/uploads\/2025\/02\/Imagen4-1-1024x135.png 1024w, https:\/\/www.arreglosderopagranada.es\/wp-content\/uploads\/2025\/02\/Imagen4-1-768x101.png 768w, https:\/\/www.arreglosderopagranada.es\/wp-content\/uploads\/2025\/02\/Imagen4-1-1536x202.png 1536w, https:\/\/www.arreglosderopagranada.es\/wp-content\/uploads\/2025\/02\/Imagen4-1-2048x270.png 2048w, https:\/\/www.arreglosderopagranada.es\/wp-content\/uploads\/2025\/02\/Imagen4-1-18x2.png 18w, https:\/\/www.arreglosderopagranada.es\/wp-content\/uploads\/2025\/02\/Imagen4-1-600x79.png 600w\" sizes=\"(max-width: 2065px) 100vw, 2065px\" title=\"- -\">\t\t\t\t\t\t\t\t\t\t\t\t\t\t\t<\/div>\n\t\t\t\t<\/div>\n\t\t\t\t\t<\/div>\n\t\t<\/div>\n\t\t\t\t\t<\/div>\n\t\t<\/section>\n\t\t\t\t<section class=\"elementor-section elementor-top-section elementor-element elementor-element-3a540202 elementor-section-full_width elementor-reverse-mobile elementor-section-height-default elementor-section-height-default\" data-id=\"3a540202\" data-element_type=\"section\" data-e-type=\"section\" data-settings=\"{&quot;background_background&quot;:&quot;classic&quot;}\">\n\t\t\t\t\t\t<div class=\"elementor-container elementor-column-gap-default\">\n\t\t\t\t\t<div class=\"elementor-column elementor-col-50 elementor-top-column elementor-element elementor-element-43cfccad\" data-id=\"43cfccad\" data-element_type=\"column\" data-e-type=\"column\" data-settings=\"{&quot;background_background&quot;:&quot;classic&quot;}\">\n\t\t\t<div class=\"elementor-widget-wrap elementor-element-populated\">\n\t\t\t\t\t\t<div class=\"elementor-element elementor-element-65ccf42 elementor-invisible elementor-widget elementor-widget-image\" data-id=\"65ccf42\" data-element_type=\"widget\" data-e-type=\"widget\" data-settings=\"{&quot;_animation&quot;:&quot;fadeInUp&quot;,&quot;_animation_delay&quot;:&quot;100&quot;}\" data-widget_type=\"image.default\">\n\t\t\t\t<div class=\"elementor-widget-container\">\n\t\t\t\t\t\t\t\t\t\t\t\t\t\t\t<img decoding=\"async\" width=\"800\" height=\"534\" src=\"https:\/\/www.arreglosderopagranada.es\/wp-content\/uploads\/2025\/02\/infracionLV-1-1024x684.jpg\" class=\"attachment-large size-large wp-image-881\" alt=\"Arreglos de Ropa en Granada | Coser y Cantar\" srcset=\"https:\/\/www.arreglosderopagranada.es\/wp-content\/uploads\/2025\/02\/infracionLV-1-1024x684.jpg 1024w, https:\/\/www.arreglosderopagranada.es\/wp-content\/uploads\/2025\/02\/infracionLV-1-300x200.jpg 300w, https:\/\/www.arreglosderopagranada.es\/wp-content\/uploads\/2025\/02\/infracionLV-1-768x513.jpg 768w, https:\/\/www.arreglosderopagranada.es\/wp-content\/uploads\/2025\/02\/infracionLV-1-18x12.jpg 18w, https:\/\/www.arreglosderopagranada.es\/wp-content\/uploads\/2025\/02\/infracionLV-1-600x401.jpg 600w, https:\/\/www.arreglosderopagranada.es\/wp-content\/uploads\/2025\/02\/infracionLV-1.jpg 1198w\" sizes=\"(max-width: 800px) 100vw, 800px\" title=\"- -\">\t\t\t\t\t\t\t\t\t\t\t\t\t\t\t<\/div>\n\t\t\t\t<\/div>\n\t\t\t\t\t<\/div>\n\t\t<\/div>\n\t\t\t\t<div class=\"elementor-column elementor-col-50 elementor-top-column elementor-element elementor-element-3489da24\" data-id=\"3489da24\" data-element_type=\"column\" data-e-type=\"column\" data-settings=\"{&quot;background_background&quot;:&quot;classic&quot;}\">\n\t\t\t<div class=\"elementor-widget-wrap elementor-element-populated\">\n\t\t\t\t\t\t<div class=\"elementor-element elementor-element-4159e76 elementor-invisible elementor-widget elementor-widget-heading\" data-id=\"4159e76\" data-element_type=\"widget\" data-e-type=\"widget\" data-settings=\"{&quot;_animation&quot;:&quot;fadeInUp&quot;}\" data-widget_type=\"heading.default\">\n\t\t\t\t<div class=\"elementor-widget-container\">\n\t\t\t\t\t<span class=\"elementor-heading-title elementor-size-default\">Beatriz<\/span>\t\t\t\t<\/div>\n\t\t\t\t<\/div>\n\t\t\t\t<div class=\"elementor-element elementor-element-78c0825 elementor-invisible elementor-widget elementor-widget-heading\" data-id=\"78c0825\" data-element_type=\"widget\" data-e-type=\"widget\" data-settings=\"{&quot;_animation&quot;:&quot;fadeInUp&quot;,&quot;_animation_delay&quot;:300}\" data-widget_type=\"heading.default\">\n\t\t\t\t<div class=\"elementor-widget-container\">\n\t\t\t\t\t<h1 class=\"elementor-heading-title elementor-size-default\">Conoce a tu Taller de Arreglos de Ropa en Granada<\/h1>\t\t\t\t<\/div>\n\t\t\t\t<\/div>\n\t\t\t\t<div class=\"elementor-element elementor-element-1b0ece2d elementor-widget elementor-widget-text-editor\" data-id=\"1b0ece2d\" data-element_type=\"widget\" data-e-type=\"widget\" data-widget_type=\"text-editor.default\">\n\t\t\t\t<div class=\"elementor-widget-container\">\n\t\t\t\t\t\t\t\t\t<p>The career of Beatriz begins twenty-five years in the workshop of arrangements most relevant of the city in which they offered service to large commercial surfaces such as <b>The English Court<\/b>. After receiving a full professional training and experience as an employee of dressmaking and pattern making industrial, Beatrice started his own business venture as a seamstress independent.<\/p><p>From a modest beginning, and family until the business structure that Beatriz is leading today in a workshop of dressmaking is a reference in the sector of the city, its spirit professional and entrepreneur has allowed him to collaborate with various fashion companies like <b>Inditex or C&amp;A<\/b>, academic bodies such as <b>colleges and universities <\/b>and companies <b>hospitality and catering<\/b>.<\/p><p>Its polished professionalism and your character sociable and cheerful, you grant an important place in the heart of its esteemed clientele. Always delighted to provide solutions to the needs of their customers.<\/p>\t\t\t\t\t\t\t\t<\/div>\n\t\t\t\t<\/div>\n\t\t\t\t<div class=\"elementor-element elementor-element-07a96a1 elementor-widget elementor-widget-n-accordion\" data-id=\"07a96a1\" data-element_type=\"widget\" data-e-type=\"widget\" data-settings=\"{&quot;default_state&quot;:&quot;all_collapsed&quot;,&quot;max_items_expended&quot;:&quot;one&quot;,&quot;n_accordion_animation_duration&quot;:{&quot;unit&quot;:&quot;ms&quot;,&quot;size&quot;:400,&quot;sizes&quot;:[]}}\" data-widget_type=\"nested-accordion.default\">\n\t\t\t\t<div class=\"elementor-widget-container\">\n\t\t\t\t\t\t\t<div class=\"e-n-accordion\" aria-label=\"Accordion. Open links with Enter or Space, close with Escape, and navigate with Arrow Keys\">\n\t\t\t\t\t\t<details id=\"more-and-less\" class=\"e-n-accordion-item\" >\n\t\t\t\t<summary class=\"e-n-accordion-item-title\" data-accordion-index=\"1\" tabindex=\"0\" aria-expanded=\"false\" aria-controls=\"more-and-less\" >\n\t\t\t\t\t<span class='e-n-accordion-item-title-header'><div class=\"e-n-accordion-item-title-text\"> <span>Ver m\u00e1s<\/span> <span>Ver menos<\/span> <\/div><\/span>\n\t\t\t\t\t\t\t<span class='e-n-accordion-item-title-icon'>\n\t\t\t<span class='e-opened' ><svg aria-hidden=\"true\" class=\"e-font-icon-svg e-fas-minus\" viewbox=\"0 0 448 512\" xmlns=\"http:\/\/www.w3.org\/2000\/svg\"><path d=\"M416 208H32c-17.67 0-32 14.33-32 32v32c0 17.67 14.33 32 32 32h384c17.67 0 32-14.33 32-32v-32c0-17.67-14.33-32-32-32z\"><\/path><\/svg><\/span>\n\t\t\t<span class='e-closed'><svg aria-hidden=\"true\" class=\"e-font-icon-svg e-fas-plus\" viewbox=\"0 0 448 512\" xmlns=\"http:\/\/www.w3.org\/2000\/svg\"><path d=\"M416 208H272V64c0-17.67-14.33-32-32-32h-32c-17.67 0-32 14.33-32 32v144H32c-17.67 0-32 14.33-32 32v32c0 17.67 14.33 32 32 32h144v144c0 17.67 14.33 32 32 32h32c17.67 0 32-14.33 32-32V304h144c17.67 0 32-14.33 32-32v-32c0-17.67-14.33-32-32-32z\"><\/path><\/svg><\/span>\n\t\t<\/span>\n\n\t\t\t\t\t\t<\/summary>\n\t\t\t\t<div role=\"region\" aria-labelledby=\"more-and-less\" class=\"elementor-element elementor-element-251787e e-con-full e-flex e-con e-child\" data-id=\"251787e\" data-element_type=\"container\" data-e-type=\"container\">\n\t\t<div role=\"region\" aria-labelledby=\"more-and-less\" class=\"elementor-element elementor-element-0860c69 e-flex e-con-boxed e-con e-child\" data-id=\"0860c69\" data-element_type=\"container\" data-e-type=\"container\">\n\t\t\t\t\t<div class=\"e-con-inner\">\n\t\t\t\t<div class=\"elementor-element elementor-element-4e8f55c elementor-widget elementor-widget-text-editor\" data-id=\"4e8f55c\" data-element_type=\"widget\" data-e-type=\"widget\" data-widget_type=\"text-editor.default\">\n\t\t\t\t<div class=\"elementor-widget-container\">\n\t\t\t\t\t\t\t\t\t<p>En Coser y Cantar, somos m\u00e1s que un simple taller; somos un equipo de modistas en Granada apasionadas por la costura y el detalle. Nuestra historia comenz\u00f3 con la simple idea de que cada prenda merece una segunda oportunidad. Nos especializamos en arreglos de ropa en Granada y en la transformaci\u00f3n de vestuario, trabajando con cada pieza como si fuera nuestra.<\/p><p>Creemos firmemente que la ropa no solo nos cubre, sino que tambi\u00e9n cuenta una parte de nuestra historia. Por ello, en nuestro taller de costura en Granada, ponemos el alma en cada puntada, asegur\u00e1ndonos de que el resultado final supere tus expectativas.<\/p><p>Nuestra misi\u00f3n es ofrecerte un servicio de calidad, donde la tradici\u00f3n de la costura se une a las t\u00e9cnicas m\u00e1s modernas para conseguir un acabado perfecto. Nos enorgullece ser el taller de confianza de la comunidad granadina para cualquier necesidad, desde un simple bajo hasta un complejo ajuste de un traje de fiesta.<\/p>\t\t\t\t\t\t\t\t<\/div>\n\t\t\t\t<\/div>\n\t\t\t\t\t<\/div>\n\t\t\t\t<\/div>\n\t\t\t\t<\/div>\n\t\t\t\t\t<\/details>\n\t\t\t\t\t<\/div>\n\t\t\t\t\t\t<\/div>\n\t\t\t\t<\/div>\n\t\t\t\t\t<\/div>\n\t\t<\/div>\n\t\t\t\t\t<\/div>\n\t\t<\/section>\n\t\t\t\t<\/div>","protected":false},"excerpt":{"rendered":"<p>Beatriz Conoce a tu Taller de Arreglos de Ropa en Granada La trayectoria profesional de Beatriz comienza hace veinticinco a\u00f1os en el taller de arreglos m\u00e1s relevante de la ciudad donde se ofrec\u00eda servicio a grandes superficies comerciales como El Corte Ingl\u00e9s. Tras recibir una completa formaci\u00f3n profesional y experiencia como empleada de modister\u00eda y [&hellip;]<\/p>\n","protected":false},"author":2,"featured_media":857,"parent":0,"menu_order":0,"comment_status":"closed","ping_status":"closed","template":"","meta":{"_acf_changed":false,"footnotes":""},"class_list":["post-24","page","type-page","status-publish","has-post-thumbnail","hentry"],"acf":[],"_links":{"self":[{"href":"https:\/\/www.arreglosderopagranada.es\/en\/wp-json\/wp\/v2\/pages\/24","targetHints":{"allow":["GET"]}}],"collection":[{"href":"https:\/\/www.arreglosderopagranada.es\/en\/wp-json\/wp\/v2\/pages"}],"about":[{"href":"https:\/\/www.arreglosderopagranada.es\/en\/wp-json\/wp\/v2\/types\/page"}],"author":[{"embeddable":true,"href":"https:\/\/www.arreglosderopagranada.es\/en\/wp-json\/wp\/v2\/users\/2"}],"replies":[{"embeddable":true,"href":"https:\/\/www.arreglosderopagranada.es\/en\/wp-json\/wp\/v2\/comments?post=24"}],"version-history":[{"count":0,"href":"https:\/\/www.arreglosderopagranada.es\/en\/wp-json\/wp\/v2\/pages\/24\/revisions"}],"wp:featuredmedia":[{"embeddable":true,"href":"https:\/\/www.arreglosderopagranada.es\/en\/wp-json\/wp\/v2\/media\/857"}],"wp:attachment":[{"href":"https:\/\/www.arreglosderopagranada.es\/en\/wp-json\/wp\/v2\/media?parent=24"}],"curies":[{"name":"wp","href":"https:\/\/api.w.org\/{rel}","templated":true}]}}